{"id":1131,"date":"2023-02-01T19:14:36","date_gmt":"2023-02-01T18:14:36","guid":{"rendered":"https:\/\/www.lukxa.com\/?page_id=1131"},"modified":"2023-02-01T19:14:36","modified_gmt":"2023-02-01T18:14:36","slug":"gerard-bertrand","status":"publish","type":"page","link":"https:\/\/lukxa-andorra.com\/index.php\/gerard-bertrand\/","title":{"rendered":"G\u00e9rard Bertrand"},"content":{"rendered":"\t\t<div data-elementor-type=\"wp-page\" data-elementor-id=\"1131\" class=\"elementor elementor-1131\" data-elementor-post-type=\"page\">\n\t\t\t\t\t\t<section class=\"elementor-section elementor-top-section elementor-element elementor-element-d4bf8a6 elementor-section-boxed elementor-section-height-default elementor-section-height-default\" data-id=\"d4bf8a6\" data-element_type=\"section\" data-settings=\"{&quot;background_background&quot;:&quot;classic&quot;}\" data-e-bg-lazyload=\"\">\n\t\t\t\t\t\t\t<div class=\"elementor-background-overlay\"><\/div>\n\t\t\t\t\t\t\t<div class=\"elementor-container elementor-column-gap-default\">\n\t\t\t\t\t<div class=\"elementor-column elementor-col-100 elementor-top-column elementor-element elementor-element-752e26b\" data-id=\"752e26b\" data-element_type=\"column\">\n\t\t\t<div class=\"elementor-widget-wrap elementor-element-populated\">\n\t\t\t\t\t\t<div class=\"elementor-element elementor-element-ede3cb7 elementor-widget elementor-widget-spacer\" data-id=\"ede3cb7\" data-element_type=\"widget\" data-widget_type=\"spacer.default\">\n\t\t\t\t<div class=\"elementor-widget-container\">\n\t\t\t<style>\/*! elementor - v3.19.0 - 29-01-2024 *\/\n.elementor-column .elementor-spacer-inner{height:var(--spacer-size)}.e-con{--container-widget-width:100%}.e-con-inner>.elementor-widget-spacer,.e-con>.elementor-widget-spacer{width:var(--container-widget-width,var(--spacer-size));--align-self:var(--container-widget-align-self,initial);--flex-shrink:0}.e-con-inner>.elementor-widget-spacer>.elementor-widget-container,.e-con>.elementor-widget-spacer>.elementor-widget-container{height:100%;width:100%}.e-con-inner>.elementor-widget-spacer>.elementor-widget-container>.elementor-spacer,.e-con>.elementor-widget-spacer>.elementor-widget-container>.elementor-spacer{height:100%}.e-con-inner>.elementor-widget-spacer>.elementor-widget-container>.elementor-spacer>.elementor-spacer-inner,.e-con>.elementor-widget-spacer>.elementor-widget-container>.elementor-spacer>.elementor-spacer-inner{height:var(--container-widget-height,var(--spacer-size))}.e-con-inner>.elementor-widget-spacer.elementor-widget-empty,.e-con>.elementor-widget-spacer.elementor-widget-empty{position:relative;min-height:22px;min-width:22px}.e-con-inner>.elementor-widget-spacer.elementor-widget-empty .elementor-widget-empty-icon,.e-con>.elementor-widget-spacer.elementor-widget-empty .elementor-widget-empty-icon{position:absolute;top:0;bottom:0;left:0;right:0;margin:auto;padding:0;width:22px;height:22px}<\/style>\t\t<div class=\"elementor-spacer\">\n\t\t\t<div class=\"elementor-spacer-inner\"><\/div>\n\t\t<\/div>\n\t\t\t\t<\/div>\n\t\t\t\t<\/div>\n\t\t\t\t<div class=\"elementor-element elementor-element-14061f5 elementor-widget elementor-widget-heading\" data-id=\"14061f5\" data-element_type=\"widget\" data-widget_type=\"heading.default\">\n\t\t\t\t<div class=\"elementor-widget-container\">\n\t\t\t<style>\/*! elementor - v3.19.0 - 29-01-2024 *\/\n.elementor-heading-title{padding:0;margin:0;line-height:1}.elementor-widget-heading .elementor-heading-title[class*=elementor-size-]>a{color:inherit;font-size:inherit;line-height:inherit}.elementor-widget-heading .elementor-heading-title.elementor-size-small{font-size:15px}.elementor-widget-heading .elementor-heading-title.elementor-size-medium{font-size:19px}.elementor-widget-heading .elementor-heading-title.elementor-size-large{font-size:29px}.elementor-widget-heading .elementor-heading-title.elementor-size-xl{font-size:39px}.elementor-widget-heading .elementor-heading-title.elementor-size-xxl{font-size:59px}<\/style><h2 class=\"elementor-heading-title elementor-size-default\">La historia de una familia<br> apasionada por la vid<\/h2>\t\t<\/div>\n\t\t\t\t<\/div>\n\t\t\t\t<div class=\"elementor-element elementor-element-64835e2 elementor-widget elementor-widget-text-editor\" data-id=\"64835e2\" data-element_type=\"widget\" data-widget_type=\"text-editor.default\">\n\t\t\t\t<div class=\"elementor-widget-container\">\n\t\t\t<style>\/*! elementor - v3.19.0 - 29-01-2024 *\/\n.elementor-widget-text-editor.elementor-drop-cap-view-stacked .elementor-drop-cap{background-color:#69727d;color:#fff}.elementor-widget-text-editor.elementor-drop-cap-view-framed .elementor-drop-cap{color:#69727d;border:3px solid;background-color:transparent}.elementor-widget-text-editor:not(.elementor-drop-cap-view-default) .elementor-drop-cap{margin-top:8px}.elementor-widget-text-editor:not(.elementor-drop-cap-view-default) .elementor-drop-cap-letter{width:1em;height:1em}.elementor-widget-text-editor .elementor-drop-cap{float:left;text-align:center;line-height:1;font-size:50px}.elementor-widget-text-editor .elementor-drop-cap-letter{display:inline-block}<\/style>\t\t\t\t<p>LA B\u00daSQUEDA DE LA EXCELENCIA EN EL RESPETO DE LA BIODIVERSIDAD Y LOS PRINCIPIOS<br \/>BIODIN\u00c1MICOS<\/p>\t\t\t\t\t\t<\/div>\n\t\t\t\t<\/div>\n\t\t\t\t<div class=\"elementor-element elementor-element-9ea8493 elementor-widget elementor-widget-spacer\" data-id=\"9ea8493\" data-element_type=\"widget\" data-widget_type=\"spacer.default\">\n\t\t\t\t<div class=\"elementor-widget-container\">\n\t\t\t\t\t<div class=\"elementor-spacer\">\n\t\t\t<div class=\"elementor-spacer-inner\"><\/div>\n\t\t<\/div>\n\t\t\t\t<\/div>\n\t\t\t\t<\/div>\n\t\t\t\t\t<\/div>\n\t\t<\/div>\n\t\t\t\t\t<\/div>\n\t\t<\/section>\n\t\t\t\t<section class=\"elementor-section elementor-top-section elementor-element elementor-element-4e6f6c1 elementor-section-boxed elementor-section-height-default elementor-section-height-default\" data-id=\"4e6f6c1\" data-element_type=\"section\">\n\t\t\t\t\t\t<div class=\"elementor-container elementor-column-gap-default\">\n\t\t\t\t\t<div class=\"elementor-column elementor-col-50 elementor-top-column elementor-element elementor-element-3fc427e\" data-id=\"3fc427e\" data-element_type=\"column\">\n\t\t\t<div class=\"elementor-widget-wrap elementor-element-populated\">\n\t\t\t\t\t\t<div class=\"elementor-element elementor-element-14128eb elementor-widget elementor-widget-image\" data-id=\"14128eb\" data-element_type=\"widget\" data-widget_type=\"image.default\">\n\t\t\t\t<div class=\"elementor-widget-container\">\n\t\t\t<style>\/*! elementor - v3.19.0 - 29-01-2024 *\/\n.elementor-widget-image{text-align:center}.elementor-widget-image a{display:inline-block}.elementor-widget-image a img[src$=\".svg\"]{width:48px}.elementor-widget-image img{vertical-align:middle;display:inline-block}<\/style>\t\t\t\t\t\t\t\t\t\t<img fetchpriority=\"high\" decoding=\"async\" width=\"600\" height=\"525\" src=\"https:\/\/lukxa-andorra.com\/wp-content\/uploads\/2023\/02\/histoire-savoir-faire-georges-bertrand-v1589793605617.webp\" class=\"attachment-medium_large size-medium_large wp-image-1135\" alt=\"\" srcset=\"https:\/\/lukxa-andorra.com\/wp-content\/uploads\/2023\/02\/histoire-savoir-faire-georges-bertrand-v1589793605617.webp 600w, https:\/\/lukxa-andorra.com\/wp-content\/uploads\/2023\/02\/histoire-savoir-faire-georges-bertrand-v1589793605617-300x263.webp 300w\" sizes=\"(max-width: 600px) 100vw, 600px\" \/>\t\t\t\t\t\t\t\t\t\t\t\t\t<\/div>\n\t\t\t\t<\/div>\n\t\t\t\t\t<\/div>\n\t\t<\/div>\n\t\t\t\t<div class=\"elementor-column elementor-col-50 elementor-top-column elementor-element elementor-element-f8ee24e\" data-id=\"f8ee24e\" data-element_type=\"column\">\n\t\t\t<div class=\"elementor-widget-wrap elementor-element-populated\">\n\t\t\t\t\t\t<div class=\"elementor-element elementor-element-efefa18 elementor-widget elementor-widget-heading\" data-id=\"efefa18\" data-element_type=\"widget\" data-widget_type=\"heading.default\">\n\t\t\t\t<div class=\"elementor-widget-container\">\n\t\t\t<h2 class=\"elementor-heading-title elementor-size-default\">El nacimiento de una pasi\u00f3n por el vino y la biodin\u00e1mica<\/h2>\t\t<\/div>\n\t\t\t\t<\/div>\n\t\t\t\t<div class=\"elementor-element elementor-element-0bc9894 elementor-widget elementor-widget-text-editor\" data-id=\"0bc9894\" data-element_type=\"widget\" data-widget_type=\"text-editor.default\">\n\t\t\t\t<div class=\"elementor-widget-container\">\n\t\t\t\t\t\t\t<p>Fue en 1975, en los vi\u00f1edos del Ch\u00e2teau de Villemajou, en el coraz\u00f3n de las Corbi\u00e8res, cuando G\u00e9rard Bertrand realiz\u00f3 su primera <b>vendimia<\/b> y descubri\u00f3 su pasi\u00f3n por el vino.<\/p>\n<p>Perfeccion\u00f3 su aprendizaje durante doce a\u00f1os al lado de su padre, Georges Bertrand.<\/p>\n<p>Ya estamos en la cuarta generaci\u00f3n de viticultores, de Paule a Georges, luego G\u00e9rard Bertrand y finalmente Emma y Mathias.<\/p>\n<p>G\u00e9rard Bertrand, muy <b>apegado a los valores <\/b>de rendimiento y excelencia que aprendi\u00f3 en el campo de rugby, prosigue su b\u00fasqueda para revelar los mejores terru\u00f1os de su regi\u00f3n y promoverlos en todo el mundo.<\/p>\n<p>Con este esp\u00edritu se hizo cargo del negocio familiar en el <b>Domaine de Villemajou<\/b> tras la muerte accidental de su padre en 1987. Cinco a\u00f1os m\u00e1s tarde, cre\u00f3 la empresa vin\u00edcola G\u00e9rard Bertrand para desarrollar una gama de vinos del sur de Francia.<\/p>\n<p>En los a\u00f1os siguientes compr\u00f3 <b>Domaine de Cigalus<\/b> y Ch\u00e2teau Laville Bertrou.<\/p>\t\t\t\t\t\t<\/div>\n\t\t\t\t<\/div>\n\t\t\t\t\t<\/div>\n\t\t<\/div>\n\t\t\t\t\t<\/div>\n\t\t<\/section>\n\t\t\t\t<section class=\"elementor-section elementor-top-section elementor-element elementor-element-815de06 elementor-section-boxed elementor-section-height-default elementor-section-height-default\" data-id=\"815de06\" data-element_type=\"section\">\n\t\t\t\t\t\t<div class=\"elementor-container elementor-column-gap-default\">\n\t\t\t\t\t<div class=\"elementor-column elementor-col-50 elementor-top-column elementor-element elementor-element-432721e\" data-id=\"432721e\" data-element_type=\"column\">\n\t\t\t<div class=\"elementor-widget-wrap elementor-element-populated\">\n\t\t\t\t\t\t<div class=\"elementor-element elementor-element-86faffd elementor-widget elementor-widget-heading\" data-id=\"86faffd\" data-element_type=\"widget\" data-widget_type=\"heading.default\">\n\t\t\t\t<div class=\"elementor-widget-container\">\n\t\t\t<h2 class=\"elementor-heading-title elementor-size-default\">Las nuevas pepitas y el enriquecimiento de la diversidad de los vinos G\u00e9rard Bertrand<\/h2>\t\t<\/div>\n\t\t\t\t<\/div>\n\t\t\t\t<div class=\"elementor-element elementor-element-958a30c elementor-widget elementor-widget-text-editor\" data-id=\"958a30c\" data-element_type=\"widget\" data-widget_type=\"text-editor.default\">\n\t\t\t\t<div class=\"elementor-widget-container\">\n\t\t\t\t\t\t\t<p>La adquisici\u00f3n en 2002 del Ch\u00e2teau <b>l&rsquo;Hospitalet<\/b>, en el parque natural de La Clape, entre la Narbona romana y el Mediterr\u00e1neo, permiti\u00f3 a G\u00e9rard Bertrand adquirir una nueva dimensi\u00f3n.<\/p>\n<p>Desde entonces, la bella <b>historia<\/b> contin\u00faa y nuevas pepitas con terru\u00f1os emblem\u00e1ticos del Languedoc han enriquecido la visi\u00f3n y la diversidad de los vinos de G\u00e9rard Bertrand: Domaine de l&rsquo;Aigle, Ch\u00e2teau la Sauvageonne, Ch\u00e2teau la Soujeole, Clos d&rsquo;Ora, Clos du Temple, Ch\u00e2teau les Karantes, Ch\u00e2teau Aigues-Vives, la <b>bodega <\/b>Cap Insula, Ch\u00e2teau des 2 Rocs, Ch\u00e2teau de Tarailhan y Domaine de l&rsquo;Estagn\u00e8re.<\/p>\t\t\t\t\t\t<\/div>\n\t\t\t\t<\/div>\n\t\t\t\t\t<\/div>\n\t\t<\/div>\n\t\t\t\t<div class=\"elementor-column elementor-col-50 elementor-top-column elementor-element elementor-element-6db8d0f\" data-id=\"6db8d0f\" data-element_type=\"column\">\n\t\t\t<div class=\"elementor-widget-wrap elementor-element-populated\">\n\t\t\t\t\t\t<div class=\"elementor-element elementor-element-93b2ad6 elementor-widget elementor-widget-image\" data-id=\"93b2ad6\" data-element_type=\"widget\" data-widget_type=\"image.default\">\n\t\t\t\t<div class=\"elementor-widget-container\">\n\t\t\t\t\t\t\t\t\t\t\t\t\t<img decoding=\"async\" width=\"600\" height=\"525\" src=\"https:\/\/lukxa-andorra.com\/wp-content\/uploads\/2023\/02\/histoire-savoir-faire-villemajou-v1589793703472.jpg\" class=\"attachment-large size-large wp-image-1134\" alt=\"\" srcset=\"https:\/\/lukxa-andorra.com\/wp-content\/uploads\/2023\/02\/histoire-savoir-faire-villemajou-v1589793703472.jpg 600w, https:\/\/lukxa-andorra.com\/wp-content\/uploads\/2023\/02\/histoire-savoir-faire-villemajou-v1589793703472-300x263.jpg 300w\" sizes=\"(max-width: 600px) 100vw, 600px\" \/>\t\t\t\t\t\t\t\t\t\t\t\t\t<\/div>\n\t\t\t\t<\/div>\n\t\t\t\t\t<\/div>\n\t\t<\/div>\n\t\t\t\t\t<\/div>\n\t\t<\/section>\n\t\t\t\t<section class=\"elementor-section elementor-top-section elementor-element elementor-element-b35ab2f elementor-section-boxed elementor-section-height-default elementor-section-height-default\" data-id=\"b35ab2f\" data-element_type=\"section\">\n\t\t\t\t\t\t<div class=\"elementor-container elementor-column-gap-default\">\n\t\t\t\t\t<div class=\"elementor-column elementor-col-100 elementor-top-column elementor-element elementor-element-4edd5cc\" data-id=\"4edd5cc\" data-element_type=\"column\">\n\t\t\t<div class=\"elementor-widget-wrap\">\n\t\t\t\t\t\t\t<\/div>\n\t\t<\/div>\n\t\t\t\t\t<\/div>\n\t\t<\/section>\n\t\t\t\t<\/div>\n\t\t","protected":false},"excerpt":{"rendered":"<p>La historia de una familia apasionada por la vid LA B\u00daSQUEDA DE LA EXCELENCIA EN EL RESPETO DE LA BIODIVERSIDAD Y LOS PRINCIPIOSBIODIN\u00c1MICOS El nacimiento de una pasi\u00f3n por el vino y la biodin\u00e1mica Fue en 1975, en los vi\u00f1edos del Ch\u00e2teau de Villemajou, en el coraz\u00f3n de las Corbi\u00e8res, cuando G\u00e9rard Bertrand realiz\u00f3 su [&hellip;]<\/p>\n","protected":false},"author":1,"featured_media":0,"parent":0,"menu_order":0,"comment_status":"closed","ping_status":"closed","template":"","meta":{"om_disable_all_campaigns":false,"inline_featured_image":false,"_monsterinsights_skip_tracking":false,"_monsterinsights_sitenote_active":false,"_monsterinsights_sitenote_note":"","_monsterinsights_sitenote_category":0,"_uf_show_specific_survey":0,"_uf_disable_surveys":false,"footnotes":""},"class_list":["post-1131","page","type-page","status-publish","hentry"],"aioseo_notices":[],"_links":{"self":[{"href":"https:\/\/lukxa-andorra.com\/index.php\/wp-json\/wp\/v2\/pages\/1131","targetHints":{"allow":["GET"]}}],"collection":[{"href":"https:\/\/lukxa-andorra.com\/index.php\/wp-json\/wp\/v2\/pages"}],"about":[{"href":"https:\/\/lukxa-andorra.com\/index.php\/wp-json\/wp\/v2\/types\/page"}],"author":[{"embeddable":true,"href":"https:\/\/lukxa-andorra.com\/index.php\/wp-json\/wp\/v2\/users\/1"}],"replies":[{"embeddable":true,"href":"https:\/\/lukxa-andorra.com\/index.php\/wp-json\/wp\/v2\/comments?post=1131"}],"version-history":[{"count":0,"href":"https:\/\/lukxa-andorra.com\/index.php\/wp-json\/wp\/v2\/pages\/1131\/revisions"}],"wp:attachment":[{"href":"https:\/\/lukxa-andorra.com\/index.php\/wp-json\/wp\/v2\/media?parent=1131"}],"curies":[{"name":"wp","href":"https:\/\/api.w.org\/{rel}","templated":true}]}}