{"id":489,"date":"2022-12-22T09:22:32","date_gmt":"2022-12-22T08:22:32","guid":{"rendered":"http:\/\/www.lukxa.montorrefacteur.fr\/?page_id=11"},"modified":"2022-12-22T09:22:32","modified_gmt":"2022-12-22T08:22:32","slug":"profesionales","status":"publish","type":"page","link":"https:\/\/lukxa-andorra.com\/index.php\/profesionales\/","title":{"rendered":"Profesionales"},"content":{"rendered":"\t\t<div data-elementor-type=\"wp-post\" data-elementor-id=\"489\" class=\"elementor elementor-489\" data-elementor-post-type=\"page\">\n\t\t\t\t\t\t<section class=\"elementor-section elementor-top-section elementor-element elementor-element-5aef416 elementor-section-boxed elementor-section-height-default elementor-section-height-default\" data-id=\"5aef416\" data-element_type=\"section\">\n\t\t\t\t\t\t<div class=\"elementor-container elementor-column-gap-default\">\n\t\t\t\t\t<div class=\"elementor-column elementor-col-100 elementor-top-column elementor-element elementor-element-5e62dfd\" data-id=\"5e62dfd\" data-element_type=\"column\">\n\t\t\t<div class=\"elementor-widget-wrap elementor-element-populated\">\n\t\t\t\t\t\t<div class=\"elementor-element elementor-element-1868486 elementor-widget elementor-widget-heading\" data-id=\"1868486\" data-element_type=\"widget\" data-widget_type=\"heading.default\">\n\t\t\t\t<div class=\"elementor-widget-container\">\n\t\t\t<style>\/*! elementor - v3.19.0 - 29-01-2024 *\/\n.elementor-heading-title{padding:0;margin:0;line-height:1}.elementor-widget-heading .elementor-heading-title[class*=elementor-size-]>a{color:inherit;font-size:inherit;line-height:inherit}.elementor-widget-heading .elementor-heading-title.elementor-size-small{font-size:15px}.elementor-widget-heading .elementor-heading-title.elementor-size-medium{font-size:19px}.elementor-widget-heading .elementor-heading-title.elementor-size-large{font-size:29px}.elementor-widget-heading .elementor-heading-title.elementor-size-xl{font-size:39px}.elementor-widget-heading .elementor-heading-title.elementor-size-xxl{font-size:59px}<\/style><h2 class=\"elementor-heading-title elementor-size-default\">Con los Profesionales<\/h2>\t\t<\/div>\n\t\t\t\t<\/div>\n\t\t\t\t\t<\/div>\n\t\t<\/div>\n\t\t\t\t\t<\/div>\n\t\t<\/section>\n\t\t\t\t<section class=\"elementor-section elementor-top-section elementor-element elementor-element-a00a4df elementor-section-boxed elementor-section-height-default elementor-section-height-default\" data-id=\"a00a4df\" data-element_type=\"section\">\n\t\t\t\t\t\t<div class=\"elementor-container elementor-column-gap-default\">\n\t\t\t\t\t<div class=\"elementor-column elementor-col-50 elementor-top-column elementor-element elementor-element-f0226b8\" data-id=\"f0226b8\" data-element_type=\"column\">\n\t\t\t<div class=\"elementor-widget-wrap elementor-element-populated\">\n\t\t\t\t\t\t<div class=\"elementor-element elementor-element-c6decc2 elementor-widget elementor-widget-image\" data-id=\"c6decc2\" data-element_type=\"widget\" data-widget_type=\"image.default\">\n\t\t\t\t<div class=\"elementor-widget-container\">\n\t\t\t<style>\/*! elementor - v3.19.0 - 29-01-2024 *\/\n.elementor-widget-image{text-align:center}.elementor-widget-image a{display:inline-block}.elementor-widget-image a img[src$=\".svg\"]{width:48px}.elementor-widget-image img{vertical-align:middle;display:inline-block}<\/style>\t\t\t\t\t\t\t\t\t\t<img fetchpriority=\"high\" decoding=\"async\" width=\"300\" height=\"200\" src=\"https:\/\/lukxa-andorra.com\/wp-content\/uploads\/2022\/12\/cafe-2.jpg\" class=\"attachment-large size-large wp-image-344\" alt=\"\" \/>\t\t\t\t\t\t\t\t\t\t\t\t\t<\/div>\n\t\t\t\t<\/div>\n\t\t\t\t\t<\/div>\n\t\t<\/div>\n\t\t\t\t<div class=\"elementor-column elementor-col-50 elementor-top-column elementor-element elementor-element-994e65f\" data-id=\"994e65f\" data-element_type=\"column\">\n\t\t\t<div class=\"elementor-widget-wrap elementor-element-populated\">\n\t\t\t\t\t\t<div class=\"elementor-element elementor-element-2520fe9 elementor-widget elementor-widget-text-editor\" data-id=\"2520fe9\" data-element_type=\"widget\" data-widget_type=\"text-editor.default\">\n\t\t\t\t<div class=\"elementor-widget-container\">\n\t\t\t<style>\/*! elementor - v3.19.0 - 29-01-2024 *\/\n.elementor-widget-text-editor.elementor-drop-cap-view-stacked .elementor-drop-cap{background-color:#69727d;color:#fff}.elementor-widget-text-editor.elementor-drop-cap-view-framed .elementor-drop-cap{color:#69727d;border:3px solid;background-color:transparent}.elementor-widget-text-editor:not(.elementor-drop-cap-view-default) .elementor-drop-cap{margin-top:8px}.elementor-widget-text-editor:not(.elementor-drop-cap-view-default) .elementor-drop-cap-letter{width:1em;height:1em}.elementor-widget-text-editor .elementor-drop-cap{float:left;text-align:center;line-height:1;font-size:50px}.elementor-widget-text-editor .elementor-drop-cap-letter{display:inline-block}<\/style>\t\t\t\t<p id=\"tw-target-text\" class=\"tw-data-text tw-text-large tw-ta\" dir=\"ltr\" data-placeholder=\"Traduction\"><strong><span class=\"Y2IQFc\" lang=\"es\">UNA SOLUCI\u00d3N PROFESIONAL A MEDIDA PARA OFRECER A TUS CLIENTES UN CAF\u00c9 A TU IMAGEN<\/span><\/strong><\/p><p class=\"tw-data-text tw-text-large tw-ta\" dir=\"ltr\" data-placeholder=\"Traduction\"><span class=\"Y2IQFc\" lang=\"es\">Lukxa es consciente de que el caf\u00e9 es un ritual de convivencia y sagrado que une a las personas, ya sea en una empresa, en una cafeter\u00eda, en un restaurante o en un hotel. Adem\u00e1s de una amplia gama de especialidades, ofrecemos m\u00e1quinas robustas y elegantes. Elegir Lukxa significa optar por un equipamiento completo de calidad para acompa\u00f1ar tus momentos de caf\u00e9. No somos solo un vendedor, sino un verdadero socio. Como tostador artesanal local, nos adaptamos a tus necesidades y te brindamos nuestra experiencia.<\/span><\/p>\t\t\t\t\t\t<\/div>\n\t\t\t\t<\/div>\n\t\t\t\t\t<\/div>\n\t\t<\/div>\n\t\t\t\t\t<\/div>\n\t\t<\/section>\n\t\t\t\t<section class=\"elementor-section elementor-top-section elementor-element elementor-element-a49929b elementor-section-boxed elementor-section-height-default elementor-section-height-default\" data-id=\"a49929b\" data-element_type=\"section\" data-settings=\"{&quot;background_background&quot;:&quot;classic&quot;}\" data-e-bg-lazyload=\"\">\n\t\t\t\t\t\t<div class=\"elementor-container elementor-column-gap-narrow\">\n\t\t\t\t\t<div class=\"elementor-column elementor-col-100 elementor-top-column elementor-element elementor-element-6af7605\" data-id=\"6af7605\" data-element_type=\"column\">\n\t\t\t<div class=\"elementor-widget-wrap elementor-element-populated\">\n\t\t\t\t\t\t<div class=\"elementor-element elementor-element-4f029ac elementor-invisible elementor-widget elementor-widget-text-editor\" data-id=\"4f029ac\" data-element_type=\"widget\" data-settings=\"{&quot;_animation&quot;:&quot;fadeIn&quot;}\" data-widget_type=\"text-editor.default\">\n\t\t\t\t<div class=\"elementor-widget-container\">\n\t\t\t\t\t\t\t<h5 id=\"tw-target-text\" class=\"tw-data-text tw-text-large tw-ta\" dir=\"ltr\" data-placeholder=\"Traduction\"><strong><span class=\"Y2IQFc\" lang=\"es\">Cerca de los panaderos<\/span><\/strong><\/h5><p class=\"tw-data-text tw-text-large tw-ta\" dir=\"ltr\" data-placeholder=\"Traduction\"><span class=\"Y2IQFc\" lang=\"es\">Lukxa pone a disposici\u00f3n de panader\u00edas y pasteler\u00edas su saber hacer en tueste artesanal para que puedas ofrecer a tus clientes una experiencia basada en nuestros caf\u00e9s cuidadosamente seleccionados. Un aut\u00e9ntico valor a\u00f1adido para su establecimiento y sus clientes. Lukxa ofrece caf\u00e9 profesional a trav\u00e9s de diferentes m\u00e9todos: dosis, semillas&#8230; Por lo tanto, las panader\u00edas pueden elegir el sistema que m\u00e1s les convenga.<\/span><\/p>\t\t\t\t\t\t<\/div>\n\t\t\t\t<\/div>\n\t\t\t\t\t<\/div>\n\t\t<\/div>\n\t\t\t\t\t<\/div>\n\t\t<\/section>\n\t\t\t\t<section class=\"elementor-section elementor-top-section elementor-element elementor-element-dfe955f elementor-section-boxed elementor-section-height-default elementor-section-height-default\" data-id=\"dfe955f\" data-element_type=\"section\" data-settings=\"{&quot;background_background&quot;:&quot;classic&quot;}\" data-e-bg-lazyload=\"\">\n\t\t\t\t\t\t<div class=\"elementor-container elementor-column-gap-narrow\">\n\t\t\t\t\t<div class=\"elementor-column elementor-col-100 elementor-top-column elementor-element elementor-element-89f69c3\" data-id=\"89f69c3\" data-element_type=\"column\">\n\t\t\t<div class=\"elementor-widget-wrap elementor-element-populated\">\n\t\t\t\t\t\t<div class=\"elementor-element elementor-element-58826ec elementor-invisible elementor-widget elementor-widget-text-editor\" data-id=\"58826ec\" data-element_type=\"widget\" data-settings=\"{&quot;_animation&quot;:&quot;fadeIn&quot;,&quot;_animation_delay&quot;:100}\" data-widget_type=\"text-editor.default\">\n\t\t\t\t<div class=\"elementor-widget-container\">\n\t\t\t\t\t\t\t<h5 id=\"tw-target-text\" class=\"tw-data-text tw-text-large tw-ta\" dir=\"ltr\" data-placeholder=\"Traduction\"><strong><span class=\"Y2IQFc\" lang=\"es\">Apoyo en las oficinas <\/span><\/strong><\/h5><p class=\"tw-data-text tw-text-large tw-ta\" dir=\"ltr\" data-placeholder=\"Traduction\"><span class=\"Y2IQFc\" lang=\"es\">Para las empresas, Lukxa se compromete a ofrecer a sus empleados y visitantes un caf\u00e9 de calidad proporcion\u00e1ndoles m\u00e1quinas de caf\u00e9 fiables y f\u00e1ciles de usar. Demuestra que est\u00e1s comprometido con el bienestar de tus empleados con Lukxa. El caf\u00e9 es un lugar de encuentro imprescindible para tus empleados o clientes. Por eso es importante elegir tu m\u00e1quina de caf\u00e9 con cuidado para promover el descanso que inspirar\u00e1 a tus equipos. Ofrecemos diferentes modelos de m\u00e1quinas profesionales adaptadas a todas sus necesidades.<\/span><\/p>\t\t\t\t\t\t<\/div>\n\t\t\t\t<\/div>\n\t\t\t\t\t<\/div>\n\t\t<\/div>\n\t\t\t\t\t<\/div>\n\t\t<\/section>\n\t\t\t\t<section class=\"elementor-section elementor-top-section elementor-element elementor-element-8cfceb3 elementor-section-boxed elementor-section-height-default elementor-section-height-default\" data-id=\"8cfceb3\" data-element_type=\"section\" data-settings=\"{&quot;background_background&quot;:&quot;classic&quot;}\" data-e-bg-lazyload=\"\">\n\t\t\t\t\t\t<div class=\"elementor-container elementor-column-gap-narrow\">\n\t\t\t\t\t<div class=\"elementor-column elementor-col-100 elementor-top-column elementor-element elementor-element-11b5ebd\" data-id=\"11b5ebd\" data-element_type=\"column\">\n\t\t\t<div class=\"elementor-widget-wrap elementor-element-populated\">\n\t\t\t\t\t\t<div class=\"elementor-element elementor-element-94173da elementor-invisible elementor-widget elementor-widget-text-editor\" data-id=\"94173da\" data-element_type=\"widget\" data-settings=\"{&quot;_animation&quot;:&quot;fadeIn&quot;,&quot;_animation_delay&quot;:200}\" data-widget_type=\"text-editor.default\">\n\t\t\t\t<div class=\"elementor-widget-container\">\n\t\t\t\t\t\t\t<h5 id=\"tw-target-text\" class=\"tw-data-text tw-text-large tw-ta\" dir=\"ltr\" data-placeholder=\"Traduction\"><strong><span class=\"Y2IQFc\" lang=\"es\">Actores de restauraci\u00f3n<\/span><\/strong><\/h5><p class=\"tw-data-text tw-text-large tw-ta\" dir=\"ltr\" data-placeholder=\"Traduction\"><span class=\"Y2IQFc\" lang=\"es\">Tambi\u00e9n apoyamos a los establecimientos de hosteler\u00eda y restauraci\u00f3n para ofrecerles cafeteras profesionales eficientes que garanticen un caf\u00e9 excepcional. Ofrezca a sus clientes el sabor del caf\u00e9 tostado localmente. Lukxa es un socio profesional en el sector: desde braser\u00edas hasta cafeter\u00edas, desde hoteles hasta cafeter\u00edas. Apoyamos a los establecimientos ofreci\u00e9ndoles una selecci\u00f3n de productos, adaptada a sus necesidades.<\/span><\/p>\t\t\t\t\t\t<\/div>\n\t\t\t\t<\/div>\n\t\t\t\t\t<\/div>\n\t\t<\/div>\n\t\t\t\t\t<\/div>\n\t\t<\/section>\n\t\t\t\t<\/div>\n\t\t","protected":false},"excerpt":{"rendered":"<p>Con los Profesionales UNA SOLUCI\u00d3N PROFESIONAL A MEDIDA PARA OFRECER A TUS CLIENTES UN CAF\u00c9 A TU IMAGEN Lukxa es consciente de que el caf\u00e9 es un ritual de convivencia y sagrado que une a las personas, ya sea en una empresa, en una cafeter\u00eda, en un restaurante o en un hotel. Adem\u00e1s de una [&hellip;]<\/p>\n","protected":false},"author":1,"featured_media":0,"parent":0,"menu_order":0,"comment_status":"closed","ping_status":"closed","template":"","meta":{"om_disable_all_campaigns":false,"inline_featured_image":false,"_monsterinsights_skip_tracking":false,"_monsterinsights_sitenote_active":false,"_monsterinsights_sitenote_note":"","_monsterinsights_sitenote_category":0,"_uf_show_specific_survey":0,"_uf_disable_surveys":false,"footnotes":""},"class_list":["post-489","page","type-page","status-publish","hentry"],"aioseo_notices":[],"_links":{"self":[{"href":"https:\/\/lukxa-andorra.com\/index.php\/wp-json\/wp\/v2\/pages\/489","targetHints":{"allow":["GET"]}}],"collection":[{"href":"https:\/\/lukxa-andorra.com\/index.php\/wp-json\/wp\/v2\/pages"}],"about":[{"href":"https:\/\/lukxa-andorra.com\/index.php\/wp-json\/wp\/v2\/types\/page"}],"author":[{"embeddable":true,"href":"https:\/\/lukxa-andorra.com\/index.php\/wp-json\/wp\/v2\/users\/1"}],"replies":[{"embeddable":true,"href":"https:\/\/lukxa-andorra.com\/index.php\/wp-json\/wp\/v2\/comments?post=489"}],"version-history":[{"count":0,"href":"https:\/\/lukxa-andorra.com\/index.php\/wp-json\/wp\/v2\/pages\/489\/revisions"}],"wp:attachment":[{"href":"https:\/\/lukxa-andorra.com\/index.php\/wp-json\/wp\/v2\/media?parent=489"}],"curies":[{"name":"wp","href":"https:\/\/api.w.org\/{rel}","templated":true}]}}