{"id":972,"date":"2023-01-28T11:12:21","date_gmt":"2023-01-28T10:12:21","guid":{"rendered":"https:\/\/www.lukxa.com\/?page_id=972"},"modified":"2023-01-28T11:12:21","modified_gmt":"2023-01-28T10:12:21","slug":"dammann","status":"publish","type":"page","link":"https:\/\/lukxa-andorra.com\/index.php\/dammann\/","title":{"rendered":"dammann"},"content":{"rendered":"\t\t<div data-elementor-type=\"wp-page\" data-elementor-id=\"972\" class=\"elementor elementor-972\" data-elementor-post-type=\"page\">\n\t\t\t\t\t\t<section class=\"elementor-section elementor-top-section elementor-element elementor-element-91f300f elementor-section-boxed elementor-section-height-default elementor-section-height-default\" data-id=\"91f300f\" data-element_type=\"section\">\n\t\t\t\t\t\t<div class=\"elementor-container elementor-column-gap-default\">\n\t\t\t\t\t<div class=\"elementor-column elementor-col-100 elementor-top-column elementor-element elementor-element-34fd0ee\" data-id=\"34fd0ee\" data-element_type=\"column\">\n\t\t\t<div class=\"elementor-widget-wrap elementor-element-populated\">\n\t\t\t\t\t\t<div class=\"elementor-element elementor-element-ca1c77a elementor-widget elementor-widget-heading\" data-id=\"ca1c77a\" data-element_type=\"widget\" data-widget_type=\"heading.default\">\n\t\t\t\t<div class=\"elementor-widget-container\">\n\t\t\t<style>\/*! elementor - v3.19.0 - 29-01-2024 *\/\n.elementor-heading-title{padding:0;margin:0;line-height:1}.elementor-widget-heading .elementor-heading-title[class*=elementor-size-]>a{color:inherit;font-size:inherit;line-height:inherit}.elementor-widget-heading .elementor-heading-title.elementor-size-small{font-size:15px}.elementor-widget-heading .elementor-heading-title.elementor-size-medium{font-size:19px}.elementor-widget-heading .elementor-heading-title.elementor-size-large{font-size:29px}.elementor-widget-heading .elementor-heading-title.elementor-size-xl{font-size:39px}.elementor-widget-heading .elementor-heading-title.elementor-size-xxl{font-size:59px}<\/style><h2 class=\"elementor-heading-title elementor-size-default\">El arte del t\u00e9, seg\u00fan Dammann Fr\u00e8res<\/h2>\t\t<\/div>\n\t\t\t\t<\/div>\n\t\t\t\t\t<\/div>\n\t\t<\/div>\n\t\t\t\t\t<\/div>\n\t\t<\/section>\n\t\t\t\t<section class=\"elementor-section elementor-top-section elementor-element elementor-element-1a8323c elementor-section-full_width elementor-section-stretched elementor-section-height-default elementor-section-height-default\" data-id=\"1a8323c\" data-element_type=\"section\" data-settings=\"{&quot;stretch_section&quot;:&quot;section-stretched&quot;}\">\n\t\t\t\t\t\t<div class=\"elementor-container elementor-column-gap-default\">\n\t\t\t\t\t<div class=\"elementor-column elementor-col-100 elementor-top-column elementor-element elementor-element-07c0e39\" data-id=\"07c0e39\" data-element_type=\"column\">\n\t\t\t<div class=\"elementor-widget-wrap elementor-element-populated\">\n\t\t\t\t\t\t<div class=\"elementor-element elementor-element-6de9a43 elementor-widget elementor-widget-image\" data-id=\"6de9a43\" data-element_type=\"widget\" data-widget_type=\"image.default\">\n\t\t\t\t<div class=\"elementor-widget-container\">\n\t\t\t<style>\/*! elementor - v3.19.0 - 29-01-2024 *\/\n.elementor-widget-image{text-align:center}.elementor-widget-image a{display:inline-block}.elementor-widget-image a img[src$=\".svg\"]{width:48px}.elementor-widget-image img{vertical-align:middle;display:inline-block}<\/style>\t\t\t\t\t\t\t\t\t\t<img decoding=\"async\" src=\"https:\/\/lukxa-andorra.com\/wp-content\/uploads\/2023\/01\/299.jpg\" title=\"299\" alt=\"299\" loading=\"lazy\" \/>\t\t\t\t\t\t\t\t\t\t\t\t\t<\/div>\n\t\t\t\t<\/div>\n\t\t\t\t\t<\/div>\n\t\t<\/div>\n\t\t\t\t\t<\/div>\n\t\t<\/section>\n\t\t\t\t<section class=\"elementor-section elementor-top-section elementor-element elementor-element-b555007 elementor-section-boxed elementor-section-height-default elementor-section-height-default\" data-id=\"b555007\" data-element_type=\"section\">\n\t\t\t\t\t\t<div class=\"elementor-container elementor-column-gap-default\">\n\t\t\t\t\t<div class=\"elementor-column elementor-col-100 elementor-top-column elementor-element elementor-element-c025da6\" data-id=\"c025da6\" data-element_type=\"column\">\n\t\t\t<div class=\"elementor-widget-wrap elementor-element-populated\">\n\t\t\t\t\t\t<div class=\"elementor-element elementor-element-5fca93b elementor-widget elementor-widget-text-editor\" data-id=\"5fca93b\" data-element_type=\"widget\" data-widget_type=\"text-editor.default\">\n\t\t\t\t<div class=\"elementor-widget-container\">\n\t\t\t<style>\/*! elementor - v3.19.0 - 29-01-2024 *\/\n.elementor-widget-text-editor.elementor-drop-cap-view-stacked .elementor-drop-cap{background-color:#69727d;color:#fff}.elementor-widget-text-editor.elementor-drop-cap-view-framed .elementor-drop-cap{color:#69727d;border:3px solid;background-color:transparent}.elementor-widget-text-editor:not(.elementor-drop-cap-view-default) .elementor-drop-cap{margin-top:8px}.elementor-widget-text-editor:not(.elementor-drop-cap-view-default) .elementor-drop-cap-letter{width:1em;height:1em}.elementor-widget-text-editor .elementor-drop-cap{float:left;text-align:center;line-height:1;font-size:50px}.elementor-widget-text-editor .elementor-drop-cap-letter{display:inline-block}<\/style>\t\t\t\t<p style=\"text-align: center;\"><b>Amantes del t\u00e9<\/b><\/p><p>\u00a1al\u00e9grense! Los t\u00e9s <strong>Dammann Fr\u00e8res<\/strong> ya est\u00e1n disponibles en la tienda&#8230; <br \/>Rigurosa selecci\u00f3n de hojas de t\u00e9, sutiles mezclas, suaves bolsitas de muselina, cajas de lujo: nada se deja al azar para ofrecerle un gran momento de <strong>degustaci\u00f3n<\/strong>. Descubra la historia de esta prestigiosa casa y nuestra selecci\u00f3n de t\u00e9s &#8230;<\/p>\t\t\t\t\t\t<\/div>\n\t\t\t\t<\/div>\n\t\t\t\t\t<\/div>\n\t\t<\/div>\n\t\t\t\t\t<\/div>\n\t\t<\/section>\n\t\t\t\t<section class=\"elementor-section elementor-top-section elementor-element elementor-element-444132b elementor-section-boxed elementor-section-height-default elementor-section-height-default\" data-id=\"444132b\" data-element_type=\"section\">\n\t\t\t\t\t\t<div class=\"elementor-container elementor-column-gap-default\">\n\t\t\t\t\t<div class=\"elementor-column elementor-col-100 elementor-top-column elementor-element elementor-element-946d18f\" data-id=\"946d18f\" data-element_type=\"column\">\n\t\t\t<div class=\"elementor-widget-wrap elementor-element-populated\">\n\t\t\t\t\t\t<div class=\"elementor-element elementor-element-7932619 elementor-widget elementor-widget-heading\" data-id=\"7932619\" data-element_type=\"widget\" data-widget_type=\"heading.default\">\n\t\t\t\t<div class=\"elementor-widget-container\">\n\t\t\t<h2 class=\"elementor-heading-title elementor-size-default\">Una marca que pronto cumplir\u00e1 100 a\u00f1os...<\/h2>\t\t<\/div>\n\t\t\t\t<\/div>\n\t\t\t\t\t<\/div>\n\t\t<\/div>\n\t\t\t\t\t<\/div>\n\t\t<\/section>\n\t\t\t\t<section class=\"elementor-section elementor-top-section elementor-element elementor-element-1668b09 elementor-section-boxed elementor-section-height-default elementor-section-height-default\" data-id=\"1668b09\" data-element_type=\"section\">\n\t\t\t\t\t\t<div class=\"elementor-container elementor-column-gap-default\">\n\t\t\t\t\t<div class=\"elementor-column elementor-col-100 elementor-top-column elementor-element elementor-element-e48d804\" data-id=\"e48d804\" data-element_type=\"column\">\n\t\t\t<div class=\"elementor-widget-wrap elementor-element-populated\">\n\t\t\t\t\t\t<div class=\"elementor-element elementor-element-c550d6c elementor-widget elementor-widget-text-editor\" data-id=\"c550d6c\" data-element_type=\"widget\" data-widget_type=\"text-editor.default\">\n\t\t\t\t<div class=\"elementor-widget-container\">\n\t\t\t\t\t\t\t<p>Fr\u00e8res Dammann comenz\u00f3 como una peque\u00f1a empresa comercial familiar, <strong>creada en 1925<\/strong> por Robert y Pierre Dammann.<br \/>Los dos hermanos eran muy audaces: en 1926 abrieron una teter\u00eda en <strong>Nueva York<\/strong>. Posteriormente, se convirtieron en los proveedores <strong>oficiales de t\u00e9<\/strong> de los transatl\u00e1nticos de la l\u00ednea francesa Compagnie G\u00e9n\u00e9rale Transatlantique.<\/p>\t\t\t\t\t\t<\/div>\n\t\t\t\t<\/div>\n\t\t\t\t\t<\/div>\n\t\t<\/div>\n\t\t\t\t\t<\/div>\n\t\t<\/section>\n\t\t\t\t<section class=\"elementor-section elementor-top-section elementor-element elementor-element-1188c65 elementor-section-boxed elementor-section-height-default elementor-section-height-default\" data-id=\"1188c65\" data-element_type=\"section\">\n\t\t\t\t\t\t<div class=\"elementor-container elementor-column-gap-default\">\n\t\t\t\t\t<div class=\"elementor-column elementor-col-100 elementor-top-column elementor-element elementor-element-87cb15d\" data-id=\"87cb15d\" data-element_type=\"column\">\n\t\t\t<div class=\"elementor-widget-wrap elementor-element-populated\">\n\t\t\t\t\t\t<div class=\"elementor-element elementor-element-c84674c elementor-widget elementor-widget-image\" data-id=\"c84674c\" data-element_type=\"widget\" data-widget_type=\"image.default\">\n\t\t\t\t<div class=\"elementor-widget-container\">\n\t\t\t\t\t\t\t\t\t\t\t\t\t<img fetchpriority=\"high\" decoding=\"async\" width=\"768\" height=\"386\" src=\"https:\/\/lukxa-andorra.com\/wp-content\/uploads\/2023\/01\/histoire-Dammann-Freres-768x386.jpg\" class=\"attachment-medium_large size-medium_large wp-image-980\" alt=\"\" srcset=\"https:\/\/lukxa-andorra.com\/wp-content\/uploads\/2023\/01\/histoire-Dammann-Freres-768x386.jpg 768w, https:\/\/lukxa-andorra.com\/wp-content\/uploads\/2023\/01\/histoire-Dammann-Freres-300x151.jpg 300w, https:\/\/lukxa-andorra.com\/wp-content\/uploads\/2023\/01\/histoire-Dammann-Freres-1024x514.jpg 1024w, https:\/\/lukxa-andorra.com\/wp-content\/uploads\/2023\/01\/histoire-Dammann-Freres.jpg 1161w\" sizes=\"(max-width: 768px) 100vw, 768px\" \/>\t\t\t\t\t\t\t\t\t\t\t\t\t<\/div>\n\t\t\t\t<\/div>\n\t\t\t\t\t<\/div>\n\t\t<\/div>\n\t\t\t\t\t<\/div>\n\t\t<\/section>\n\t\t\t\t<section class=\"elementor-section elementor-top-section elementor-element elementor-element-9a08fbe elementor-section-boxed elementor-section-height-default elementor-section-height-default\" data-id=\"9a08fbe\" data-element_type=\"section\">\n\t\t\t\t\t\t<div class=\"elementor-container elementor-column-gap-default\">\n\t\t\t\t\t<div class=\"elementor-column elementor-col-100 elementor-top-column elementor-element elementor-element-4dcf660\" data-id=\"4dcf660\" data-element_type=\"column\">\n\t\t\t<div class=\"elementor-widget-wrap elementor-element-populated\">\n\t\t\t\t\t\t<div class=\"elementor-element elementor-element-9d32ab7 elementor-widget elementor-widget-text-editor\" data-id=\"9d32ab7\" data-element_type=\"widget\" data-widget_type=\"text-editor.default\">\n\t\t\t\t<div class=\"elementor-widget-container\">\n\t\t\t\t\t\t\t<p>En 1954, las riendas pasaron a <strong>Jean Jumeau-Lafond<\/strong>, cuya familia sigue al frente de la empresa. <br \/>Este entusiasta del t\u00e9 reorient\u00f3 el <strong>negocio hacia el t\u00e9<\/strong> y las infusiones. Viaja a los jardines m\u00e1s bellos del mundo para crear sus <strong>propias mezclas<\/strong>, y vende su t\u00e9 a granel a tiendas de delicatessen francesas.<br \/>Fue el primero en ofrecer latas de metal, vendidas al peso.<\/p>\t\t\t\t\t\t<\/div>\n\t\t\t\t<\/div>\n\t\t\t\t\t<\/div>\n\t\t<\/div>\n\t\t\t\t\t<\/div>\n\t\t<\/section>\n\t\t\t\t<section class=\"elementor-section elementor-top-section elementor-element elementor-element-2478bb3 elementor-section-boxed elementor-section-height-default elementor-section-height-default\" data-id=\"2478bb3\" data-element_type=\"section\">\n\t\t\t\t\t\t<div class=\"elementor-container elementor-column-gap-default\">\n\t\t\t\t\t<div class=\"elementor-column elementor-col-100 elementor-top-column elementor-element elementor-element-4130d67\" data-id=\"4130d67\" data-element_type=\"column\">\n\t\t\t<div class=\"elementor-widget-wrap elementor-element-populated\">\n\t\t\t\t\t\t<div class=\"elementor-element elementor-element-5d2b553 elementor-widget elementor-widget-image\" data-id=\"5d2b553\" data-element_type=\"widget\" data-widget_type=\"image.default\">\n\t\t\t\t<div class=\"elementor-widget-container\">\n\t\t\t\t\t\t\t\t\t\t\t\t\t<img decoding=\"async\" width=\"768\" height=\"513\" src=\"https:\/\/lukxa-andorra.com\/wp-content\/uploads\/2023\/01\/chz-dammann-freres-boites-de-the-768x513.jpg\" class=\"attachment-medium_large size-medium_large wp-image-979\" alt=\"\" srcset=\"https:\/\/lukxa-andorra.com\/wp-content\/uploads\/2023\/01\/chz-dammann-freres-boites-de-the-768x513.jpg 768w, https:\/\/lukxa-andorra.com\/wp-content\/uploads\/2023\/01\/chz-dammann-freres-boites-de-the-300x200.jpg 300w, https:\/\/lukxa-andorra.com\/wp-content\/uploads\/2023\/01\/chz-dammann-freres-boites-de-the.jpg 850w\" sizes=\"(max-width: 768px) 100vw, 768px\" \/>\t\t\t\t\t\t\t\t\t\t\t\t\t<\/div>\n\t\t\t\t<\/div>\n\t\t\t\t\t<\/div>\n\t\t<\/div>\n\t\t\t\t\t<\/div>\n\t\t<\/section>\n\t\t\t\t<section class=\"elementor-section elementor-top-section elementor-element elementor-element-c6c2217 elementor-section-boxed elementor-section-height-default elementor-section-height-default\" data-id=\"c6c2217\" data-element_type=\"section\">\n\t\t\t\t\t\t<div class=\"elementor-container elementor-column-gap-default\">\n\t\t\t\t\t<div class=\"elementor-column elementor-col-100 elementor-top-column elementor-element elementor-element-02119bc\" data-id=\"02119bc\" data-element_type=\"column\">\n\t\t\t<div class=\"elementor-widget-wrap elementor-element-populated\">\n\t\t\t\t\t\t<div class=\"elementor-element elementor-element-a46465f elementor-widget elementor-widget-text-editor\" data-id=\"a46465f\" data-element_type=\"widget\" data-widget_type=\"text-editor.default\">\n\t\t\t\t<div class=\"elementor-widget-container\">\n\t\t\t\t\t\t\t<p>Tambi\u00e9n invent\u00f3 el primer t\u00e9 perfumado moderno:<br \/>\u00ab\u00a0<strong>Russian Dushka Flavour<\/strong>\u00ab\u00a0. La historia cuenta que, al ver a su esposa rusa mojar un gajo de naranja en su t\u00e9, se le ocurri\u00f3 secar c\u00edtricos, <strong>impregnados de aceite esencial<\/strong>, en los secantes escolares de su hijo&#8230; <br \/>\u00a1Una innovaci\u00f3n que iba a ser todo un \u00e9xito!<\/p>\t\t\t\t\t\t<\/div>\n\t\t\t\t<\/div>\n\t\t\t\t\t<\/div>\n\t\t<\/div>\n\t\t\t\t\t<\/div>\n\t\t<\/section>\n\t\t\t\t<section class=\"elementor-section elementor-top-section elementor-element elementor-element-9772272 elementor-section-boxed elementor-section-height-default elementor-section-height-default\" data-id=\"9772272\" data-element_type=\"section\">\n\t\t\t\t\t\t<div class=\"elementor-container elementor-column-gap-default\">\n\t\t\t\t\t<div class=\"elementor-column elementor-col-100 elementor-top-column elementor-element elementor-element-023eba3\" data-id=\"023eba3\" data-element_type=\"column\">\n\t\t\t<div class=\"elementor-widget-wrap\">\n\t\t\t\t\t\t\t<\/div>\n\t\t<\/div>\n\t\t\t\t\t<\/div>\n\t\t<\/section>\n\t\t\t\t<section class=\"elementor-section elementor-top-section elementor-element elementor-element-f8513b1 elementor-section-boxed elementor-section-height-default elementor-section-height-default\" data-id=\"f8513b1\" data-element_type=\"section\">\n\t\t\t\t\t\t<div class=\"elementor-container elementor-column-gap-default\">\n\t\t\t\t\t<div class=\"elementor-column elementor-col-100 elementor-top-column elementor-element elementor-element-f99d251\" data-id=\"f99d251\" data-element_type=\"column\">\n\t\t\t<div class=\"elementor-widget-wrap elementor-element-populated\">\n\t\t\t\t\t\t<div class=\"elementor-element elementor-element-20ff07d elementor-widget elementor-widget-heading\" data-id=\"20ff07d\" data-element_type=\"widget\" data-widget_type=\"heading.default\">\n\t\t\t\t<div class=\"elementor-widget-container\">\n\t\t\t<h2 class=\"elementor-heading-title elementor-size-default\">Inventos que han revolucionado el mundo del t\u00e9<\/h2>\t\t<\/div>\n\t\t\t\t<\/div>\n\t\t\t\t\t<\/div>\n\t\t<\/div>\n\t\t\t\t\t<\/div>\n\t\t<\/section>\n\t\t\t\t<section class=\"elementor-section elementor-top-section elementor-element elementor-element-2af417b elementor-section-boxed elementor-section-height-default elementor-section-height-default\" data-id=\"2af417b\" data-element_type=\"section\">\n\t\t\t\t\t\t<div class=\"elementor-container elementor-column-gap-default\">\n\t\t\t\t\t<div class=\"elementor-column elementor-col-100 elementor-top-column elementor-element elementor-element-d8dd12a\" data-id=\"d8dd12a\" data-element_type=\"column\">\n\t\t\t<div class=\"elementor-widget-wrap elementor-element-populated\">\n\t\t\t\t\t\t<div class=\"elementor-element elementor-element-b11fc37 elementor-widget elementor-widget-image\" data-id=\"b11fc37\" data-element_type=\"widget\" data-widget_type=\"image.default\">\n\t\t\t\t<div class=\"elementor-widget-container\">\n\t\t\t\t\t\t\t\t\t\t<figure class=\"wp-caption\">\n\t\t\t\t\t\t\t\t\t\t<img decoding=\"async\" width=\"761\" height=\"371\" src=\"https:\/\/lukxa-andorra.com\/wp-content\/uploads\/2023\/01\/un-couple-un-the.jpg\" class=\"attachment-large size-large wp-image-978\" alt=\"\" srcset=\"https:\/\/lukxa-andorra.com\/wp-content\/uploads\/2023\/01\/un-couple-un-the.jpg 761w, https:\/\/lukxa-andorra.com\/wp-content\/uploads\/2023\/01\/un-couple-un-the-300x146.jpg 300w\" sizes=\"(max-width: 761px) 100vw, 761px\" \/>\t\t\t\t\t\t\t\t\t\t\t<figcaption class=\"widget-image-caption wp-caption-text\">Jean et V\u00e9ra Jumeau-Lafond<\/figcaption>\n\t\t\t\t\t\t\t\t\t\t<\/figure>\n\t\t\t\t\t\t\t<\/div>\n\t\t\t\t<\/div>\n\t\t\t\t<div class=\"elementor-element elementor-element-c8724b9 elementor-widget elementor-widget-text-editor\" data-id=\"c8724b9\" data-element_type=\"widget\" data-widget_type=\"text-editor.default\">\n\t\t\t\t<div class=\"elementor-widget-container\">\n\t\t\t\t\t\t\t<p>Dammann Fr\u00e8res tambi\u00e9n sabe inventar. En los a\u00f1os 80, Jacques y Didier Jumeau-Lafond inventaron el bolso Cristal\u00a9. Esta <strong>bolsa transparente<\/strong> permite ver las hojas de t\u00e9 en su totalidad y revelar los aromas con mayor intensidad. Con ella, los entendidos pueden evaluar mejor la calidad de las mezclas.<\/p><p>\u00ab\u00a0<strong>El arte de la degustaci\u00f3n da un paso adelante<\/strong>\u00ab\u00a0<\/p><p>Suave al tacto como una muselina, es una bolsa de extrema delicadeza. Atrae enormemente a los clientes que buscan refinamiento. <strong>Esta innovaci\u00f3n<\/strong> ser\u00e1 adoptada por muchas casas para sus t\u00e9s de prestigio.<\/p>\t\t\t\t\t\t<\/div>\n\t\t\t\t<\/div>\n\t\t\t\t\t<\/div>\n\t\t<\/div>\n\t\t\t\t\t<\/div>\n\t\t<\/section>\n\t\t\t\t<section class=\"elementor-section elementor-top-section elementor-element elementor-element-0525455 elementor-section-boxed elementor-section-height-default elementor-section-height-default\" data-id=\"0525455\" data-element_type=\"section\">\n\t\t\t\t\t\t<div class=\"elementor-container elementor-column-gap-default\">\n\t\t\t\t\t<div class=\"elementor-column elementor-col-100 elementor-top-column elementor-element elementor-element-766b3ff\" data-id=\"766b3ff\" data-element_type=\"column\">\n\t\t\t<div class=\"elementor-widget-wrap elementor-element-populated\">\n\t\t\t\t\t\t<div class=\"elementor-element elementor-element-2a1d6fc elementor-widget elementor-widget-image\" data-id=\"2a1d6fc\" data-element_type=\"widget\" data-widget_type=\"image.default\">\n\t\t\t\t<div class=\"elementor-widget-container\">\n\t\t\t\t\t\t\t\t\t\t\t\t\t<img loading=\"lazy\" decoding=\"async\" width=\"798\" height=\"475\" src=\"https:\/\/lukxa-andorra.com\/wp-content\/uploads\/2023\/01\/sachet-cristal-dammann.jpg\" class=\"attachment-large size-large wp-image-977\" alt=\"\" srcset=\"https:\/\/lukxa-andorra.com\/wp-content\/uploads\/2023\/01\/sachet-cristal-dammann.jpg 798w, https:\/\/lukxa-andorra.com\/wp-content\/uploads\/2023\/01\/sachet-cristal-dammann-300x179.jpg 300w, https:\/\/lukxa-andorra.com\/wp-content\/uploads\/2023\/01\/sachet-cristal-dammann-768x457.jpg 768w\" sizes=\"(max-width: 798px) 100vw, 798px\" \/>\t\t\t\t\t\t\t\t\t\t\t\t\t<\/div>\n\t\t\t\t<\/div>\n\t\t\t\t\t<\/div>\n\t\t<\/div>\n\t\t\t\t\t<\/div>\n\t\t<\/section>\n\t\t\t\t<section class=\"elementor-section elementor-top-section elementor-element elementor-element-13e1502 elementor-section-boxed elementor-section-height-default elementor-section-height-default\" data-id=\"13e1502\" data-element_type=\"section\">\n\t\t\t\t\t\t<div class=\"elementor-container elementor-column-gap-default\">\n\t\t\t\t\t<div class=\"elementor-column elementor-col-100 elementor-top-column elementor-element elementor-element-0fb9453\" data-id=\"0fb9453\" data-element_type=\"column\">\n\t\t\t<div class=\"elementor-widget-wrap elementor-element-populated\">\n\t\t\t\t\t\t<div class=\"elementor-element elementor-element-aa112d4 elementor-widget elementor-widget-heading\" data-id=\"aa112d4\" data-element_type=\"widget\" data-widget_type=\"heading.default\">\n\t\t\t\t<div class=\"elementor-widget-container\">\n\t\t\t<h2 class=\"elementor-heading-title elementor-size-default\">Un t\u00e9 de lujo para una clientela exigente<\/h2>\t\t<\/div>\n\t\t\t\t<\/div>\n\t\t\t\t\t<\/div>\n\t\t<\/div>\n\t\t\t\t\t<\/div>\n\t\t<\/section>\n\t\t\t\t<section class=\"elementor-section elementor-top-section elementor-element elementor-element-9be05dc elementor-section-boxed elementor-section-height-default elementor-section-height-default\" data-id=\"9be05dc\" data-element_type=\"section\">\n\t\t\t\t\t\t<div class=\"elementor-container elementor-column-gap-default\">\n\t\t\t\t\t<div class=\"elementor-column elementor-col-100 elementor-top-column elementor-element elementor-element-fc9b57d\" data-id=\"fc9b57d\" data-element_type=\"column\">\n\t\t\t<div class=\"elementor-widget-wrap elementor-element-populated\">\n\t\t\t\t\t\t<div class=\"elementor-element elementor-element-a7a1918 elementor-widget elementor-widget-text-editor\" data-id=\"a7a1918\" data-element_type=\"widget\" data-widget_type=\"text-editor.default\">\n\t\t\t\t<div class=\"elementor-widget-container\">\n\t\t\t\t\t\t\t<p style=\"text-align: center;\">Dammann Fr\u00e8res es :<\/p><p style=\"text-align: center;\"><strong>una historia familiar<\/strong>,<\/p><p style=\"text-align: center;\">una historia de viajes, de descubrimientos&#8230;<\/p><p style=\"text-align: center;\">pero sobre todo \u00a1una historia de gusto!<\/p><p>Durante muchos a\u00f1os, <strong>Dammann Fr\u00e8res<\/strong> fue uno de los \u00fanicos proveedores de t\u00e9 de alta gama de las tiendas de comestibles de lujo de Francia, como Fauchon o Hediard. No fue hasta 2005 cuando <strong>Dammann Fr\u00e8res<\/strong> lanz\u00f3 por fin t\u00e9s con su propio nombre. Dos a\u00f1os m\u00e1s tarde, el grupo italiano Illy la compr\u00f3.<\/p>\t\t\t\t\t\t<\/div>\n\t\t\t\t<\/div>\n\t\t\t\t\t<\/div>\n\t\t<\/div>\n\t\t\t\t\t<\/div>\n\t\t<\/section>\n\t\t\t\t<section class=\"elementor-section elementor-top-section elementor-element elementor-element-479eea1 elementor-section-boxed elementor-section-height-default elementor-section-height-default\" data-id=\"479eea1\" data-element_type=\"section\">\n\t\t\t\t\t\t<div class=\"elementor-container elementor-column-gap-default\">\n\t\t\t\t\t<div class=\"elementor-column elementor-col-100 elementor-top-column elementor-element elementor-element-3a668b4\" data-id=\"3a668b4\" data-element_type=\"column\">\n\t\t\t<div class=\"elementor-widget-wrap elementor-element-populated\">\n\t\t\t\t\t\t<div class=\"elementor-element elementor-element-cec118f elementor-widget elementor-widget-image\" data-id=\"cec118f\" data-element_type=\"widget\" data-widget_type=\"image.default\">\n\t\t\t\t<div class=\"elementor-widget-container\">\n\t\t\t\t\t\t\t\t\t\t<figure class=\"wp-caption\">\n\t\t\t\t\t\t\t\t\t\t<img loading=\"lazy\" decoding=\"async\" width=\"768\" height=\"381\" src=\"https:\/\/lukxa-andorra.com\/wp-content\/uploads\/2023\/01\/boutique_petitsperes_internet_2-768x381.jpg\" class=\"attachment-medium_large size-medium_large wp-image-976\" alt=\"\" srcset=\"https:\/\/lukxa-andorra.com\/wp-content\/uploads\/2023\/01\/boutique_petitsperes_internet_2-768x381.jpg 768w, https:\/\/lukxa-andorra.com\/wp-content\/uploads\/2023\/01\/boutique_petitsperes_internet_2-300x149.jpg 300w, https:\/\/lukxa-andorra.com\/wp-content\/uploads\/2023\/01\/boutique_petitsperes_internet_2-1024x508.jpg 1024w, https:\/\/lukxa-andorra.com\/wp-content\/uploads\/2023\/01\/boutique_petitsperes_internet_2.jpg 1138w\" sizes=\"(max-width: 768px) 100vw, 768px\" \/>\t\t\t\t\t\t\t\t\t\t\t<figcaption class=\"widget-image-caption wp-caption-text\">Boutique Dammann Fr\u00e8res \u00e0 Paris \u2013 Rue des Petits P\u00e8res<\/figcaption>\n\t\t\t\t\t\t\t\t\t\t<\/figure>\n\t\t\t\t\t\t\t<\/div>\n\t\t\t\t<\/div>\n\t\t\t\t\t<\/div>\n\t\t<\/div>\n\t\t\t\t\t<\/div>\n\t\t<\/section>\n\t\t\t\t<\/div>\n\t\t","protected":false},"excerpt":{"rendered":"<p>El arte del t\u00e9, seg\u00fan Dammann Fr\u00e8res Amantes del t\u00e9 \u00a1al\u00e9grense! Los t\u00e9s Dammann Fr\u00e8res ya est\u00e1n disponibles en la tienda&#8230; Rigurosa selecci\u00f3n de hojas de t\u00e9, sutiles mezclas, suaves bolsitas de muselina, cajas de lujo: nada se deja al azar para ofrecerle un gran momento de degustaci\u00f3n. Descubra la historia de esta prestigiosa casa [&hellip;]<\/p>\n","protected":false},"author":1,"featured_media":0,"parent":0,"menu_order":0,"comment_status":"closed","ping_status":"closed","template":"","meta":{"om_disable_all_campaigns":false,"inline_featured_image":false,"_monsterinsights_skip_tracking":false,"_monsterinsights_sitenote_active":false,"_monsterinsights_sitenote_note":"","_monsterinsights_sitenote_category":0,"_uf_show_specific_survey":0,"_uf_disable_surveys":false,"footnotes":""},"class_list":["post-972","page","type-page","status-publish","hentry"],"aioseo_notices":[],"_links":{"self":[{"href":"https:\/\/lukxa-andorra.com\/index.php\/wp-json\/wp\/v2\/pages\/972","targetHints":{"allow":["GET"]}}],"collection":[{"href":"https:\/\/lukxa-andorra.com\/index.php\/wp-json\/wp\/v2\/pages"}],"about":[{"href":"https:\/\/lukxa-andorra.com\/index.php\/wp-json\/wp\/v2\/types\/page"}],"author":[{"embeddable":true,"href":"https:\/\/lukxa-andorra.com\/index.php\/wp-json\/wp\/v2\/users\/1"}],"replies":[{"embeddable":true,"href":"https:\/\/lukxa-andorra.com\/index.php\/wp-json\/wp\/v2\/comments?post=972"}],"version-history":[{"count":0,"href":"https:\/\/lukxa-andorra.com\/index.php\/wp-json\/wp\/v2\/pages\/972\/revisions"}],"wp:attachment":[{"href":"https:\/\/lukxa-andorra.com\/index.php\/wp-json\/wp\/v2\/media?parent=972"}],"curies":[{"name":"wp","href":"https:\/\/api.w.org\/{rel}","templated":true}]}}